{"id":2918,"date":"2025-04-30T13:05:18","date_gmt":"2025-04-30T13:05:18","guid":{"rendered":"https:\/\/www.mitelik.com.tr\/?page_id=2918"},"modified":"2025-04-30T13:53:12","modified_gmt":"2025-04-30T13:53:12","slug":"fark-fayda","status":"publish","type":"page","link":"https:\/\/www.mitelik.com.tr\/en\/fark-fayda\/","title":{"rendered":"Difference &amp; Benefit"},"content":{"rendered":"<div data-elementor-type=\"wp-page\" data-elementor-id=\"2918\" class=\"elementor elementor-2918\">\n\t\t\t\t\t\t\t\t\t<section class=\"elementor-section elementor-top-section elementor-element elementor-element-d1c051c elementor-section-content-middle elementor-section-boxed elementor-section-height-default elementor-section-height-default\" data-id=\"d1c051c\" data-element_type=\"section\">\n\t\t\t\t\t\t<div class=\"elementor-container elementor-column-gap-default\">\n\t\t\t\t\t<div class=\"elementor-column elementor-col-50 elementor-top-column elementor-element elementor-element-342d84d\" data-id=\"342d84d\" data-element_type=\"column\">\n\t\t\t<div class=\"elementor-widget-wrap elementor-element-populated\">\n\t\t\t\t\t\t\t\t<div class=\"elementor-element elementor-element-90e6f8e elementor-widget elementor-widget-shelly-heading-split\" data-id=\"90e6f8e\" data-element_type=\"widget\" data-widget_type=\"shelly-heading-split.default\">\n\t\t\t\t<div class=\"elementor-widget-container\">\n\t\t\t        <div class=\"site-heading\">\r\n            <h2 class=\"shelly-heading\">\r\n             <span>What Makes Us Different<\/span>             <\/h2>\r\n\r\n                    <\/div>\r\n        \t\t<\/div>\n\t\t\t\t<\/div>\n\t\t\t\t<div class=\"elementor-element elementor-element-51fb038 elementor-widget elementor-widget-text-editor\" data-id=\"51fb038\" data-element_type=\"widget\" data-widget_type=\"text-editor.default\">\n\t\t\t\t<div class=\"elementor-widget-container\">\n\t\t\t<style>\/*! elementor - v3.15.0 - 20-08-2023 *\/\n.elementor-widget-text-editor.elementor-drop-cap-view-stacked .elementor-drop-cap{background-color:#69727d;color:#fff}.elementor-widget-text-editor.elementor-drop-cap-view-framed .elementor-drop-cap{color:#69727d;border:3px solid;background-color:transparent}.elementor-widget-text-editor:not(.elementor-drop-cap-view-default) .elementor-drop-cap{margin-top:8px}.elementor-widget-text-editor:not(.elementor-drop-cap-view-default) .elementor-drop-cap-letter{width:1em;height:1em}.elementor-widget-text-editor .elementor-drop-cap{float:left;text-align:center;line-height:1;font-size:50px}.elementor-widget-text-editor .elementor-drop-cap-letter{display:inline-block}<\/style>\t\t\t\t<p><em>A fully integrated HR analytics platform designed to support recruitment, talent management, career development, and leadership planning \u2014 all from a single, holistic system delivering consistent and interconnected results at every stage.<\/em><\/p>\t\t\t\t\t\t<\/div>\n\t\t\t\t<\/div>\n\t\t\t\t\t<\/div>\n\t\t<\/div>\n\t\t\t\t<div class=\"elementor-column elementor-col-50 elementor-top-column elementor-element elementor-element-e546780\" data-id=\"e546780\" data-element_type=\"column\">\n\t\t\t<div class=\"elementor-widget-wrap elementor-element-populated\">\n\t\t\t\t\t\t\t\t<div class=\"elementor-element elementor-element-00915fa fadeInUp elementor-hidden-phone elementor-widget elementor-widget-shelly-round-gallery\" data-id=\"00915fa\" data-element_type=\"widget\" data-widget_type=\"shelly-round-gallery.default\">\n\t\t\t\t<div class=\"elementor-widget-container\">\n\t\t\t        <div class=\"rounded-gallery\">\r\n                        <figure class=\"fadeInUp\">\r\n                <a\r\n                    data-elementor-open-lightbox=\"yes\"\r\n                    data-elementor-lightbox-title=\"\" href=\"http:\/\/www.mitelik.com.tr\/wp-content\/uploads\/2025\/04\/fark_fayda.png\" >\r\n                    <img decoding=\"async\"\r\n                        src=\"http:\/\/www.mitelik.com.tr\/wp-content\/uploads\/2025\/04\/fark_fayda.png\"\r\n                        alt=\"\" >\r\n                <\/a>\r\n            <\/figure>\r\n            <div class=\"color-accent fadeInUp\">\r\n                <span class=\"color-accent-motion\"><\/span>\r\n            <\/div>\r\n                    <\/div>\r\n        \t\t<\/div>\n\t\t\t\t<\/div>\n\t\t\t\t\t<\/div>\n\t\t<\/div>\n\t\t\t\t\t\t\t<\/div>\n\t\t<\/section>\n\t\t\t\t<section class=\"elementor-section elementor-top-section elementor-element elementor-element-85fa110 elementor-section-content-middle elementor-section-boxed elementor-section-height-default elementor-section-height-default\" data-id=\"85fa110\" data-element_type=\"section\">\n\t\t\t\t\t\t<div class=\"elementor-container elementor-column-gap-default\">\n\t\t\t\t\t<div class=\"elementor-column elementor-col-50 elementor-top-column elementor-element elementor-element-6fc90d9\" data-id=\"6fc90d9\" data-element_type=\"column\">\n\t\t\t<div class=\"elementor-widget-wrap elementor-element-populated\">\n\t\t\t\t\t\t\t\t<div class=\"elementor-element elementor-element-cad964c elementor-invisible elementor-widget elementor-widget-shelly-feature-box\" data-id=\"cad964c\" data-element_type=\"widget\" data-settings=\"{&quot;_animation&quot;:&quot;fadeInUp&quot;}\" data-widget_type=\"shelly-feature-box.default\">\n\t\t\t\t<div class=\"elementor-widget-container\">\n\t\t\t            <div class=\"site-feature\">\r\n\t\t\t\t\t\t\t\t\r\n                                <h5>We Define Merit in Depth with Advanced HR Analytics.<\/h5>\r\n                                                <p>Competence + Proficiency + Behavioral Maturity = True Merit <BR><BR>\n\nWe move beyond basic assessments to deliver a comprehensive, data-driven definition of merit, helping you hire and retain top talent.\n\n<\/p>\r\n                \r\n                            <\/div>\r\n\t\t\t\t<\/div>\n\t\t\t\t<\/div>\n\t\t\t\t<div class=\"elementor-element elementor-element-2b8dab9 elementor-invisible elementor-widget elementor-widget-shelly-feature-box\" data-id=\"2b8dab9\" data-element_type=\"widget\" data-settings=\"{&quot;_animation&quot;:&quot;fadeInUp&quot;,&quot;_animation_delay&quot;:200}\" data-widget_type=\"shelly-feature-box.default\">\n\t\t\t\t<div class=\"elementor-widget-container\">\n\t\t\t            <div class=\"site-feature\">\r\n\t\t\t\t\t\t\t\t\r\n                                <h5>We Turn Invisible Human Factors into Actionable Data.<\/h5>\r\n                                                <p>Our platform analyzes 162 temperament profiles and 48 skill domains, delivering talent assessments, risk analyses, compatibility reports, and organizational behavior mapping \u2014 making hidden dynamics measurable and manageable.\n<\/p>\r\n                \r\n                            <\/div>\r\n\t\t\t\t<\/div>\n\t\t\t\t<\/div>\n\t\t\t\t<div class=\"elementor-element elementor-element-d3ede3a elementor-invisible elementor-widget elementor-widget-shelly-feature-box\" data-id=\"d3ede3a\" data-element_type=\"widget\" data-settings=\"{&quot;_animation&quot;:&quot;fadeInUp&quot;,&quot;_animation_delay&quot;:200}\" data-widget_type=\"shelly-feature-box.default\">\n\t\t\t\t<div class=\"elementor-widget-container\">\n\t\t\t            <div class=\"site-feature\">\r\n\t\t\t\t\t\t\t\t\r\n                                <h5>We Future-Proof Your Organization.<\/h5>\r\n                                                <p>From assessing leadership potential to predicting burnout risk, M\u0130TEL\u0130K is designed to help you make proactive HR decisions that prepare your workforce for tomorrow\u2019s challenges.\n<\/p>\r\n                \r\n                            <\/div>\r\n\t\t\t\t<\/div>\n\t\t\t\t<\/div>\n\t\t\t\t\t<\/div>\n\t\t<\/div>\n\t\t\t\t<div class=\"elementor-column elementor-col-50 elementor-top-column elementor-element elementor-element-30d4be1\" data-id=\"30d4be1\" data-element_type=\"column\">\n\t\t\t<div class=\"elementor-widget-wrap elementor-element-populated\">\n\t\t\t\t\t\t\t\t<div class=\"elementor-element elementor-element-6118516 elementor-invisible elementor-widget elementor-widget-shelly-feature-box\" data-id=\"6118516\" data-element_type=\"widget\" data-settings=\"{&quot;_animation&quot;:&quot;fadeInUp&quot;}\" data-widget_type=\"shelly-feature-box.default\">\n\t\t\t\t<div class=\"elementor-widget-container\">\n\t\t\t            <div class=\"site-feature\">\r\n\t\t\t\t\t\t\t\t\r\n                                <h5>We Find the Best Culture Fit, Not Just the Strongest Candidate.<\/h5>\r\n                                                <p>Success isn\u2019t just about strong profiles \u2014 it\u2019s about cultural fit and sustainable employee engagement. We identify candidates who align with your company\u2019s DNA for long-term success.\n<\/p>\r\n                \r\n                            <\/div>\r\n\t\t\t\t<\/div>\n\t\t\t\t<\/div>\n\t\t\t\t<div class=\"elementor-element elementor-element-238c3b3 elementor-invisible elementor-widget elementor-widget-shelly-feature-box\" data-id=\"238c3b3\" data-element_type=\"widget\" data-settings=\"{&quot;_animation&quot;:&quot;fadeInUp&quot;,&quot;_animation_delay&quot;:200}\" data-widget_type=\"shelly-feature-box.default\">\n\t\t\t\t<div class=\"elementor-widget-container\">\n\t\t\t            <div class=\"site-feature\">\r\n\t\t\t\t\t\t\t\t\r\n                                <h5>We Make Promotion Decisions Strategic, Not Intuitive.<\/h5>\r\n                                                <p>Using predictive talent data, we show exactly who is ready for horizontal or vertical career advancement, preventing poor promotion decisions and optimizing leadership pipelines.\n<\/p>\r\n                \r\n                            <\/div>\r\n\t\t\t\t<\/div>\n\t\t\t\t<\/div>\n\t\t\t\t\t<\/div>\n\t\t<\/div>\n\t\t\t\t\t\t\t<\/div>\n\t\t<\/section>\n\t\t\t\t<section class=\"elementor-section elementor-top-section elementor-element elementor-element-671146f elementor-section-content-middle elementor-section-boxed elementor-section-height-default elementor-section-height-default\" data-id=\"671146f\" data-element_type=\"section\">\n\t\t\t\t\t\t<div class=\"elementor-container elementor-column-gap-default\">\n\t\t\t\t\t<div class=\"elementor-column elementor-col-50 elementor-top-column elementor-element elementor-element-4e8ffe8\" data-id=\"4e8ffe8\" data-element_type=\"column\">\n\t\t\t<div class=\"elementor-widget-wrap elementor-element-populated\">\n\t\t\t\t\t\t\t\t<div class=\"elementor-element elementor-element-ec27cb3 fadeInUp elementor-hidden-phone elementor-widget elementor-widget-shelly-round-gallery\" data-id=\"ec27cb3\" data-element_type=\"widget\" data-widget_type=\"shelly-round-gallery.default\">\n\t\t\t\t<div class=\"elementor-widget-container\">\n\t\t\t        <div class=\"rounded-gallery\">\r\n                        <figure class=\"fadeInUp\">\r\n                <a\r\n                    data-elementor-open-lightbox=\"yes\"\r\n                    data-elementor-lightbox-title=\"\" href=\"http:\/\/www.mitelik.com.tr\/wp-content\/uploads\/2025\/04\/fark_fayda2.png\" >\r\n                    <img decoding=\"async\"\r\n                        src=\"http:\/\/www.mitelik.com.tr\/wp-content\/uploads\/2025\/04\/fark_fayda2.png\"\r\n                        alt=\"\" >\r\n                <\/a>\r\n            <\/figure>\r\n            <div class=\"color-accent fadeInUp\">\r\n                <span class=\"color-accent-motion\"><\/span>\r\n            <\/div>\r\n                    <\/div>\r\n        \t\t<\/div>\n\t\t\t\t<\/div>\n\t\t\t\t\t<\/div>\n\t\t<\/div>\n\t\t\t\t<div class=\"elementor-column elementor-col-50 elementor-top-column elementor-element elementor-element-8f9a270\" data-id=\"8f9a270\" data-element_type=\"column\">\n\t\t\t<div class=\"elementor-widget-wrap elementor-element-populated\">\n\t\t\t\t\t\t\t\t<div class=\"elementor-element elementor-element-ac5694a elementor-widget elementor-widget-shelly-heading-split\" data-id=\"ac5694a\" data-element_type=\"widget\" data-widget_type=\"shelly-heading-split.default\">\n\t\t\t\t<div class=\"elementor-widget-container\">\n\t\t\t        <div class=\"site-heading\">\r\n            <h2 class=\"shelly-heading\">\r\n             <span>Benefits<\/span>             <\/h2>\r\n\r\n                    <\/div>\r\n        \t\t<\/div>\n\t\t\t\t<\/div>\n\t\t\t\t<div class=\"elementor-element elementor-element-c4324b4 elementor-widget elementor-widget-text-editor\" data-id=\"c4324b4\" data-element_type=\"widget\" data-widget_type=\"text-editor.default\">\n\t\t\t\t<div class=\"elementor-widget-container\">\n\t\t\t\t\t\t\t<p>With Mitellik, you get to know your human resources in depth, identify compatible candidates, and make strategic decisions with personalised development and risk plans.<\/p>\t\t\t\t\t\t<\/div>\n\t\t\t\t<\/div>\n\t\t\t\t\t<\/div>\n\t\t<\/div>\n\t\t\t\t\t\t\t<\/div>\n\t\t<\/section>\n\t\t\t\t<section class=\"elementor-section elementor-top-section elementor-element elementor-element-5e544db elementor-section-content-middle elementor-section-boxed elementor-section-height-default elementor-section-height-default\" data-id=\"5e544db\" data-element_type=\"section\">\n\t\t\t\t\t\t<div class=\"elementor-container elementor-column-gap-default\">\n\t\t\t\t\t<div class=\"elementor-column elementor-col-100 elementor-top-column elementor-element elementor-element-98dbc38\" data-id=\"98dbc38\" data-element_type=\"column\">\n\t\t\t<div class=\"elementor-widget-wrap elementor-element-populated\">\n\t\t\t\t\t\t\t\t<div class=\"elementor-element elementor-element-a1630d7 elementor-invisible elementor-widget elementor-widget-shelly-feature-box\" data-id=\"a1630d7\" data-element_type=\"widget\" data-settings=\"{&quot;_animation&quot;:&quot;fadeInUp&quot;}\" data-widget_type=\"shelly-feature-box.default\">\n\t\t\t\t<div class=\"elementor-widget-container\">\n\t\t\t            <div class=\"site-feature\">\r\n\t\t\t\t\t\t\t\t\r\n                                <h5>Strategic HR Management<\/h5>\r\n                                                <p>\u2022 Identifies the most suitable candidates for the company culture, roles, and departments \u2014 not just \u201cqualified\u201d but \u201ccompatible\u201d hires.\n<br>\n\u2022 Builds personalized career advancement plans (horizontal\/vertical career paths).\n<br>\n\u2022 Plans painpoint training programs to reduce cost and increase effectiveness.\n<br>\n\u2022 Detects leadership potential early and guides development through individualized paths.\n<\/p>\r\n                \r\n                            <\/div>\r\n\t\t\t\t<\/div>\n\t\t\t\t<\/div>\n\t\t\t\t<div class=\"elementor-element elementor-element-6bc2ca5 elementor-invisible elementor-widget elementor-widget-shelly-feature-box\" data-id=\"6bc2ca5\" data-element_type=\"widget\" data-settings=\"{&quot;_animation&quot;:&quot;fadeInUp&quot;,&quot;_animation_delay&quot;:200}\" data-widget_type=\"shelly-feature-box.default\">\n\t\t\t\t<div class=\"elementor-widget-container\">\n\t\t\t            <div class=\"site-feature\">\r\n\t\t\t\t\t\t\t\t\r\n                                <h5>Innovative &amp; Original Tools<\/h5>\r\n                                                <p>\u2022 Provides deep insight through profiling based on temperament, talent, and merit (competence + proficiency + behavioral maturity).\n<br>\n\u2022 Makes the invisible visible with unique digital tools such as the Merit Card, Parasite Map, and Career Route.\n<br>\n\u2022 Replaces assumptions with data-backed decisions supported by scientific analysis based on 400+ criteria.\n<\/p>\r\n                \r\n                            <\/div>\r\n\t\t\t\t<\/div>\n\t\t\t\t<\/div>\n\t\t\t\t<div class=\"elementor-element elementor-element-8f75a77 elementor-invisible elementor-widget elementor-widget-shelly-feature-box\" data-id=\"8f75a77\" data-element_type=\"widget\" data-settings=\"{&quot;_animation&quot;:&quot;fadeInUp&quot;,&quot;_animation_delay&quot;:200}\" data-widget_type=\"shelly-feature-box.default\">\n\t\t\t\t<div class=\"elementor-widget-container\">\n\t\t\t            <div class=\"site-feature\">\r\n\t\t\t\t\t\t\t\t\r\n                                <h5>Foresight &amp; Risk Management<\/h5>\r\n                                                <p>\u2022 Offers early warning systems for burnout, job satisfaction, and turnover risk. Creates personalized development, risk, and career profiles for each individual.\n<br>\n\u2022 Maps workplace parasites and their impact, offers solutions, and minimizes toxic effects.\n<br>\n\u2022 Delivers well-being-oriented development maps focusing on work-life balance and psychological well-being.\n<\/p>\r\n                \r\n                            <\/div>\r\n\t\t\t\t<\/div>\n\t\t\t\t<\/div>\n\t\t\t\t\t<\/div>\n\t\t<\/div>\n\t\t\t\t\t\t\t<\/div>\n\t\t<\/section>\n\t\t\t\t\t\t\t<\/div>","protected":false},"excerpt":{"rendered":"<p>Fark\u0131m\u0131z \u0130\u015fe al\u0131mdan geli\u015fim y\u00f6netimine, kariyer y\u00f6netiminden liderli\u011fe; her a\u015famada tutarl\u0131 bir bak\u0131\u015f a\u00e7\u0131s\u0131, birbiriyle \u00f6rg\u00fclenmi\u015f sonu\u00e7lar \u00fcreten b\u00fct\u00fcnc\u00fcl tek bir platform Liyakat\u0131 Derinlemesine Tan\u0131mlar\u0131z. Yeterlilik + Yetkinlik + Davran\u0131\u015fsal Olgunluk = Ger\u00e7ek Liyakat G\u00f6r\u00fcnmeyeni G\u00f6r\u00fcn\u00fcr K\u0131lar\u0131z. 162 tip \u00fczerinden miza\u00e7 analizi, 48 alan \u00fczerinden yetenek raporlar\u0131, parazit haritalar\u0131, risk analizleri, uyum raporlar\u0131&#8230; \u0130nsan davran\u0131\u015flar\u0131n\u0131 [&hellip;]<\/p>","protected":false},"author":1,"featured_media":0,"parent":0,"menu_order":0,"comment_status":"closed","ping_status":"closed","template":"","meta":{"footnotes":""},"class_list":["post-2918","page","type-page","status-publish","hentry"],"aioseo_notices":[],"_links":{"self":[{"href":"https:\/\/www.mitelik.com.tr\/en\/wp-json\/wp\/v2\/pages\/2918","targetHints":{"allow":["GET"]}}],"collection":[{"href":"https:\/\/www.mitelik.com.tr\/en\/wp-json\/wp\/v2\/pages"}],"about":[{"href":"https:\/\/www.mitelik.com.tr\/en\/wp-json\/wp\/v2\/types\/page"}],"author":[{"embeddable":true,"href":"https:\/\/www.mitelik.com.tr\/en\/wp-json\/wp\/v2\/users\/1"}],"replies":[{"embeddable":true,"href":"https:\/\/www.mitelik.com.tr\/en\/wp-json\/wp\/v2\/comments?post=2918"}],"version-history":[{"count":14,"href":"https:\/\/www.mitelik.com.tr\/en\/wp-json\/wp\/v2\/pages\/2918\/revisions"}],"predecessor-version":[{"id":2937,"href":"https:\/\/www.mitelik.com.tr\/en\/wp-json\/wp\/v2\/pages\/2918\/revisions\/2937"}],"wp:attachment":[{"href":"https:\/\/www.mitelik.com.tr\/en\/wp-json\/wp\/v2\/media?parent=2918"}],"curies":[{"name":"wp","href":"https:\/\/api.w.org\/{rel}","templated":true}]}}